{"id":8,"date":"2015-01-27T11:40:53","date_gmt":"2015-01-27T13:40:53","guid":{"rendered":"http:\/\/www.sardaycia.com.uy\/home\/?page_id=8"},"modified":"2025-02-28T14:03:14","modified_gmt":"2025-02-28T17:03:14","slug":"nosotros","status":"publish","type":"page","link":"http:\/\/www.sardaycia.com.uy\/home\/nosotros\/","title":{"rendered":"Nosotros"},"content":{"rendered":"<p>[et_pb_section fb_built=&#8221;1&#8243; fullwidth=&#8221;on&#8221; _builder_version=&#8221;4.25.2&#8243; _module_preset=&#8221;default&#8221; box_shadow_style=&#8221;preset3&#8243; global_colors_info=&#8221;{}&#8221;][et_pb_fullwidth_header background_overlay_color=&#8221;RGBA(255,255,255,0)&#8221; _builder_version=&#8221;4.25.2&#8243; _module_preset=&#8221;default&#8221; title_text_align=&#8221;center&#8221; content_text_align=&#8221;center&#8221; subhead_text_align=&#8221;center&#8221; background_image=&#8221;http:\/\/www.sardaycia.com.uy\/home\/wp-content\/uploads\/2025\/02\/2657878714.webp&#8221; background_position=&#8221;center_right&#8221; height=&#8221;350px&#8221; hover_enabled=&#8221;0&#8243; box_shadow_style=&#8221;preset3&#8243; global_colors_info=&#8221;{}&#8221; sticky_enabled=&#8221;0&#8243; title_text=&#8221;2657878714&#8243;][\/et_pb_fullwidth_header][\/et_pb_section][et_pb_section fb_built=&#8221;1&#8243; _builder_version=&#8221;4.16&#8243; global_colors_info=&#8221;{}&#8221;][et_pb_row _builder_version=&#8221;4.16&#8243; background_size=&#8221;initial&#8221; background_position=&#8221;top_left&#8221; background_repeat=&#8221;repeat&#8221; global_colors_info=&#8221;{}&#8221;][et_pb_column type=&#8221;4_4&#8243; _builder_version=&#8221;4.16&#8243; custom_padding=&#8221;|||&#8221; global_colors_info=&#8221;{}&#8221; custom_padding__hover=&#8221;|||&#8221;][et_pb_text _builder_version=&#8221;4.25.2&#8243; background_size=&#8221;initial&#8221; background_position=&#8221;top_left&#8221; background_repeat=&#8221;repeat&#8221; custom_margin=&#8221;20px||||false|false&#8221; border_color_all=&#8221;#000000&#8243; border_width_bottom=&#8221;1px&#8221; border_style_bottom=&#8221;dotted&#8221; use_border_color=&#8221;off&#8221; border_color=&#8221;#ffffff&#8221; border_style=&#8221;solid&#8221; global_colors_info=&#8221;{}&#8221;]<\/p>\n<h1>Nuestra Empresa<\/h1>\n<p>[\/et_pb_text][et_pb_text _builder_version=&#8221;4.25.2&#8243; background_size=&#8221;initial&#8221; background_position=&#8221;top_left&#8221; background_repeat=&#8221;repeat&#8221; hover_enabled=&#8221;0&#8243; use_border_color=&#8221;off&#8221; border_color=&#8221;#ffffff&#8221; border_style=&#8221;solid&#8221; global_colors_info=&#8221;{}&#8221; sticky_enabled=&#8221;0&#8243;]<\/p>\n<p><strong>Sard\u00e1 &amp; Cia SC, fundada en 1939, es una empresa dedicada al comercio exterior en forma integral.<\/strong><\/p>\n<p>En estos a\u00f1os de trayectoria, nos hemos afianzado como un referente en el \u00e1rea del comercio exterior, acompa\u00f1ando los cambios que se han dado en la profesi\u00f3n, actualiz\u00e1ndonos constantemente para brindarle a nuestros clientes la mejor atenci\u00f3n y optimizar los tiempos de respuesta, brind\u00e1ndoles soluciones confiables en materia de comercio exterior.<\/p>\n<p>Con 86 a\u00f1os de experiencia, seguimos atesorando el mismo asesoramiento personalizado de una empresa familiar, conservando altos est\u00e1ndares \u00c9ticos, manteniendo la honestidad por encima de cualquier otro valor en nuestras operaciones, comunicaci\u00f3n con nuestros clientes y proveedores. Sard\u00e1 &amp; Cia SC tiene el orgullo de ser la primer empresa despachante de aduana OEC en Uruguay.<\/p>\n<p>Integramos la Asociaci\u00f3n de Despachantes de Aduana del Uruguay (ADAU), que defiende los intereses de sus afiliados y ofrece asesor\u00eda en \u00e1reas jur\u00eddicas, contables y de comercio exterior.<\/p>\n<p><strong>La direcci\u00f3n de la empresa est\u00e1 integrada por:<\/strong><\/p>\n<p><strong>GUILLERMO FERNANDEZ<\/strong>&#8211; SOCIO DIRECTOR: GERENTE DE OPERACIONES<\/p>\n<p><strong>BELEN FERNANDEZ<\/strong>&#8211; SOCIO DIRECTOR-: GERENTE FINANCIERO CONTABLE<\/p>\n<p><strong>PABLO MENDEZ<\/strong>&#8211; GERENTE<\/p>\n<p>[\/et_pb_text][\/et_pb_column][\/et_pb_row][et_pb_row _builder_version=&#8221;4.25.2&#8243; _module_preset=&#8221;default&#8221; global_colors_info=&#8221;{}&#8221;][et_pb_column type=&#8221;4_4&#8243; _builder_version=&#8221;4.25.2&#8243; _module_preset=&#8221;default&#8221; global_colors_info=&#8221;{}&#8221;][et_pb_divider divider_style=&#8221;dotted&#8221; _builder_version=&#8221;4.25.2&#8243; _module_preset=&#8221;default&#8221; global_colors_info=&#8221;{}&#8221;][\/et_pb_divider][\/et_pb_column][\/et_pb_row][et_pb_row _builder_version=&#8221;4.25.2&#8243; _module_preset=&#8221;default&#8221; global_colors_info=&#8221;{}&#8221;][et_pb_column type=&#8221;4_4&#8243; _builder_version=&#8221;4.25.2&#8243; _module_preset=&#8221;default&#8221; global_colors_info=&#8221;{}&#8221;][et_pb_text _builder_version=&#8221;4.25.2&#8243; _module_preset=&#8221;default&#8221; global_colors_info=&#8221;{}&#8221;]<\/p>\n<p><strong>\u2713 Equipo<\/strong><br \/>Contamos con un equipo de profesionales altamente capacitados, comprometidos con la excelencia y la mejora continua. Su experiencia y enfoque colaborativo aseguran soluciones eficientes y adaptadas a las necesidades de nuestros clientes, manteniendo los m\u00e1s altos est\u00e1ndares de calidad y cumplimiento.<\/p>\n<p><strong>\u2713 Calidad<\/strong><br \/>Las certificaciones garantizan la eficacia y eficiencia de nuestros procesos, y exigen la actualizaci\u00f3n continua de los conocimientos. Las auditor\u00edas peri\u00f3dicas aseguran que los equipos operen con altos niveles de motivaci\u00f3n y compromiso. Adem\u00e1s, como primeros despachantes de aduana OEC, consolidamos nuestro compromiso con la excelencia en todos nuestros servicios.<\/p>\n<p><strong>\u2713 Asesoramiento Integral:<\/strong><br \/>Contamos con m\u00e1s de 86 a\u00f1os de experiencia brindando asesoramiento integral en comercio exterior, con un enfoque personalizado y soluciones adaptadas a las necesidades de su negocio.<\/p>\n<p><strong>\u2713 Crecimiento<\/strong><br \/>Somos s\u00f3lidos en Uruguay. Contamos con personal altamente capacitado en todas las Receptor\u00edas de Aduana del pa\u00eds, garantizando despachos eficientes y el cumplimiento de los requisitos de los organismos involucrados en el comercio exterior.<br \/>Transformamos el conocimiento en soluciones avanzadas, asegurando su alineaci\u00f3n constante con las estrategias organizacionales y los resultados esperados por nuestros clientes.<\/p>\n<p><strong>\u2713 Procesos<\/strong><br \/>Hemos redise\u00f1ado nuestros procesos con el objetivo de implementar mejoras espec\u00edficas que aseguren agilidad, eficiencia y seguridad tanto para nuestro equipo, como para nuestros clientes.<\/p>\n<p>[\/et_pb_text][\/et_pb_column][\/et_pb_row][\/et_pb_section][et_pb_section fb_built=&#8221;1&#8243; admin_label=&#8221;section&#8221; _builder_version=&#8221;4.25.2&#8243; background_color=&#8221;rgba(26,36,81,0.25)&#8221; custom_margin=&#8221;100px||||false|false&#8221; global_colors_info=&#8221;{}&#8221;][et_pb_row admin_label=&#8221;row&#8221; _builder_version=&#8221;4.16&#8243; background_size=&#8221;initial&#8221; background_position=&#8221;top_left&#8221; background_repeat=&#8221;repeat&#8221; global_colors_info=&#8221;{}&#8221;][et_pb_column type=&#8221;4_4&#8243; _builder_version=&#8221;4.16&#8243; custom_padding=&#8221;|||&#8221; global_colors_info=&#8221;{}&#8221; custom_padding__hover=&#8221;|||&#8221;][et_pb_contact_form captcha=&#8221;off&#8221; title=&#8221;Cont\u00e1ctenos&#8221; admin_label=&#8221;Contact Form&#8221; _builder_version=&#8221;4.25.2&#8243; _unique_id=&#8221;a732e67a-4026-4a25-ab42-f8cddb2fb486&#8243; custom_button=&#8221;on&#8221; button_text_color=&#8221;#1A2451&#8243; border_radii=&#8221;on|0px|0px|0px|0px&#8221; use_border_color=&#8221;off&#8221; border_color=&#8221;#ffffff&#8221; border_style=&#8221;solid&#8221; input_border_radius=&#8221;0&#8243; global_colors_info=&#8221;{}&#8221;][et_pb_contact_field field_id=&#8221;Nombre&#8221; field_title=&#8221;Nombre&#8221; _builder_version=&#8221;4.16&#8243; form_field_font=&#8221;||||&#8221; use_border_color=&#8221;off&#8221; border_style=&#8221;solid&#8221; global_colors_info=&#8221;{}&#8221; button_text_size__hover_enabled=&#8221;off&#8221; button_one_text_size__hover_enabled=&#8221;off&#8221; button_two_text_size__hover_enabled=&#8221;off&#8221; button_text_color__hover_enabled=&#8221;off&#8221; button_one_text_color__hover_enabled=&#8221;off&#8221; button_two_text_color__hover_enabled=&#8221;off&#8221; button_border_width__hover_enabled=&#8221;off&#8221; button_one_border_width__hover_enabled=&#8221;off&#8221; button_two_border_width__hover_enabled=&#8221;off&#8221; button_border_color__hover_enabled=&#8221;off&#8221; button_one_border_color__hover_enabled=&#8221;off&#8221; button_two_border_color__hover_enabled=&#8221;off&#8221; button_border_radius__hover_enabled=&#8221;off&#8221; button_one_border_radius__hover_enabled=&#8221;off&#8221; button_two_border_radius__hover_enabled=&#8221;off&#8221; button_letter_spacing__hover_enabled=&#8221;off&#8221; button_one_letter_spacing__hover_enabled=&#8221;off&#8221; button_two_letter_spacing__hover_enabled=&#8221;off&#8221; button_bg_color__hover_enabled=&#8221;off&#8221; button_one_bg_color__hover_enabled=&#8221;off&#8221; button_two_bg_color__hover_enabled=&#8221;off&#8221;][\/et_pb_contact_field][et_pb_contact_field field_id=&#8221;Email&#8221; field_title=&#8221;Direcci\u00f3n de correo electr\u00f3nico&#8221; field_type=&#8221;email&#8221; _builder_version=&#8221;4.16&#8243; global_colors_info=&#8221;{}&#8221; button_text_size__hover_enabled=&#8221;off&#8221; button_one_text_size__hover_enabled=&#8221;off&#8221; button_two_text_size__hover_enabled=&#8221;off&#8221; button_text_color__hover_enabled=&#8221;off&#8221; button_one_text_color__hover_enabled=&#8221;off&#8221; button_two_text_color__hover_enabled=&#8221;off&#8221; button_border_width__hover_enabled=&#8221;off&#8221; button_one_border_width__hover_enabled=&#8221;off&#8221; button_two_border_width__hover_enabled=&#8221;off&#8221; button_border_color__hover_enabled=&#8221;off&#8221; button_one_border_color__hover_enabled=&#8221;off&#8221; button_two_border_color__hover_enabled=&#8221;off&#8221; button_border_radius__hover_enabled=&#8221;off&#8221; button_one_border_radius__hover_enabled=&#8221;off&#8221; button_two_border_radius__hover_enabled=&#8221;off&#8221; button_letter_spacing__hover_enabled=&#8221;off&#8221; button_one_letter_spacing__hover_enabled=&#8221;off&#8221; button_two_letter_spacing__hover_enabled=&#8221;off&#8221; button_bg_color__hover_enabled=&#8221;off&#8221; button_one_bg_color__hover_enabled=&#8221;off&#8221; button_two_bg_color__hover_enabled=&#8221;off&#8221;][\/et_pb_contact_field][et_pb_contact_field field_id=&#8221;Mensaje&#8221; field_title=&#8221;Mensaje&#8221; field_type=&#8221;text&#8221; fullwidth_field=&#8221;on&#8221; _builder_version=&#8221;4.16&#8243; form_field_font=&#8221;||||&#8221; use_border_color=&#8221;off&#8221; border_style=&#8221;solid&#8221; global_colors_info=&#8221;{}&#8221; button_text_size__hover_enabled=&#8221;off&#8221; button_one_text_size__hover_enabled=&#8221;off&#8221; button_two_text_size__hover_enabled=&#8221;off&#8221; button_text_color__hover_enabled=&#8221;off&#8221; button_one_text_color__hover_enabled=&#8221;off&#8221; button_two_text_color__hover_enabled=&#8221;off&#8221; button_border_width__hover_enabled=&#8221;off&#8221; button_one_border_width__hover_enabled=&#8221;off&#8221; button_two_border_width__hover_enabled=&#8221;off&#8221; button_border_color__hover_enabled=&#8221;off&#8221; button_one_border_color__hover_enabled=&#8221;off&#8221; button_two_border_color__hover_enabled=&#8221;off&#8221; button_border_radius__hover_enabled=&#8221;off&#8221; button_one_border_radius__hover_enabled=&#8221;off&#8221; button_two_border_radius__hover_enabled=&#8221;off&#8221; button_letter_spacing__hover_enabled=&#8221;off&#8221; button_one_letter_spacing__hover_enabled=&#8221;off&#8221; button_two_letter_spacing__hover_enabled=&#8221;off&#8221; button_bg_color__hover_enabled=&#8221;off&#8221; button_one_bg_color__hover_enabled=&#8221;off&#8221; button_two_bg_color__hover_enabled=&#8221;off&#8221;][\/et_pb_contact_field][\/et_pb_contact_form][\/et_pb_column][\/et_pb_row][\/et_pb_section]<\/p>\n","protected":false},"excerpt":{"rendered":"<p>Nuestra EmpresaSard\u00e1 &amp; Cia SC, fundada en 1939, es una empresa dedicada al comercio exterior en forma integral. En estos a\u00f1os de trayectoria, nos hemos afianzado como un referente en el \u00e1rea del comercio exterior, acompa\u00f1ando los cambios que se han dado en la profesi\u00f3n, actualiz\u00e1ndonos constantemente para brindarle a nuestros clientes la mejor atenci\u00f3n [&hellip;]<\/p>\n","protected":false},"author":1,"featured_media":0,"parent":0,"menu_order":2,"comment_status":"closed","ping_status":"closed","template":"","meta":{"_et_pb_use_builder":"on","_et_pb_old_content":"","_et_gb_content_width":"","footnotes":""},"_links":{"self":[{"href":"http:\/\/www.sardaycia.com.uy\/home\/wp-json\/wp\/v2\/pages\/8"}],"collection":[{"href":"http:\/\/www.sardaycia.com.uy\/home\/wp-json\/wp\/v2\/pages"}],"about":[{"href":"http:\/\/www.sardaycia.com.uy\/home\/wp-json\/wp\/v2\/types\/page"}],"author":[{"embeddable":true,"href":"http:\/\/www.sardaycia.com.uy\/home\/wp-json\/wp\/v2\/users\/1"}],"replies":[{"embeddable":true,"href":"http:\/\/www.sardaycia.com.uy\/home\/wp-json\/wp\/v2\/comments?post=8"}],"version-history":[{"count":62,"href":"http:\/\/www.sardaycia.com.uy\/home\/wp-json\/wp\/v2\/pages\/8\/revisions"}],"predecessor-version":[{"id":734,"href":"http:\/\/www.sardaycia.com.uy\/home\/wp-json\/wp\/v2\/pages\/8\/revisions\/734"}],"wp:attachment":[{"href":"http:\/\/www.sardaycia.com.uy\/home\/wp-json\/wp\/v2\/media?parent=8"}],"curies":[{"name":"wp","href":"https:\/\/api.w.org\/{rel}","templated":true}]}}