{"id":6,"date":"2015-01-27T11:39:45","date_gmt":"2015-01-27T13:39:45","guid":{"rendered":"http:\/\/www.sardaycia.com.uy\/home\/?page_id=6"},"modified":"2025-02-28T17:57:22","modified_gmt":"2025-02-28T20:57:22","slug":"home","status":"publish","type":"page","link":"http:\/\/www.sardaycia.com.uy\/home\/","title":{"rendered":"Home"},"content":{"rendered":"<p>[et_pb_section fb_built=&#8221;1&#8243; fullwidth=&#8221;on&#8221; _builder_version=&#8221;4.25.2&#8243; _module_preset=&#8221;default&#8221; hover_enabled=&#8221;0&#8243; global_colors_info=&#8221;{}&#8221; hover_transition_duration=&#8221;250ms&#8221; sticky_enabled=&#8221;0&#8243;][et_pb_fullwidth_slider show_image_video_mobile=&#8221;on&#8221; use_bg_overlay=&#8221;on&#8221; bg_overlay_color=&#8221;rgba(0,0,0,0.6)&#8221; use_text_overlay=&#8221;on&#8221; text_border_radius=&#8221;16px&#8221; _builder_version=&#8221;4.25.2&#8243; _module_preset=&#8221;default&#8221; background_enable_image=&#8221;off&#8221; custom_button=&#8221;on&#8221; button_text_size=&#8221;29px&#8221; button_text_color=&#8221;#FFFFFF&#8221; button_bg_color=&#8221;#1A2451&#8243; button_border_radius=&#8221;6px&#8221; button_icon=&#8221;&#x3d;||divi||400&#8243; hover_transition_duration=&#8221;450ms&#8221; hover_enabled=&#8221;0&#8243; global_colors_info=&#8221;{}&#8221; auto=&#8221;on&#8221; sticky_enabled=&#8221;0&#8243;][et_pb_slide heading=&#8221;Bienvenidos a Sard\u00e1 &#038; C\u00eda SC.&#8221; button_text=&#8221;Saber m\u00e1s&#8221; button_link=&#8221;http:\/\/www.sardaycia.com.uy\/home\/nosotros\/&#8221; _builder_version=&#8221;4.25.2&#8243; _module_preset=&#8221;default&#8221; background_image=&#8221;http:\/\/www.sardaycia.com.uy\/home\/wp-content\/uploads\/2025\/02\/4871541571244.jpg&#8221; background_enable_image=&#8221;on&#8221; global_colors_info=&#8221;{}&#8221; sticky_transition=&#8221;on&#8221;]<\/p>\n<p>Sard\u00e1 y C\u00eda. SC. est\u00e1 integrada por profesionales en el \u00e1rea de Comercio Exterior<\/p>\n<p>[\/et_pb_slide][et_pb_slide heading=&#8221;Nuestros servicios&#8221; button_text=&#8221;Saber m\u00e1s&#8221; button_link=&#8221;http:\/\/www.sardaycia.com.uy\/home\/servicios\/&#8221; _builder_version=&#8221;4.25.2&#8243; _module_preset=&#8221;default&#8221; background_image=&#8221;http:\/\/www.sardaycia.com.uy\/home\/wp-content\/uploads\/2025\/02\/1215415445454-1.jpg&#8221; background_enable_image=&#8221;on&#8221; global_colors_info=&#8221;{}&#8221; sticky_transition=&#8221;on&#8221;]<\/p>\n<p>Nuestra trayectoria nos permite brindar asesoramientos y servicios profesionales responsables en cada operaci\u00f3n<\/p>\n<p>[\/et_pb_slide][et_pb_slide heading=&#8221;Extranet&#8221; button_text=&#8221;Saber m\u00e1s&#8221; button_link=&#8221;http:\/\/www.sardaycia.com.uy\/home\/extranet\/&#8221; _builder_version=&#8221;4.25.2&#8243; _module_preset=&#8221;default&#8221; background_image=&#8221;http:\/\/www.sardaycia.com.uy\/home\/wp-content\/uploads\/2025\/02\/215454.jpg&#8221; background_enable_image=&#8221;on&#8221; hover_enabled=&#8221;0&#8243; global_colors_info=&#8221;{}&#8221; sticky_transition=&#8221;on&#8221; title_text=&#8221;215454&#8243; sticky_enabled=&#8221;0&#8243;]<\/p>\n<p>Solo usuarios registrados<\/p>\n<p>[\/et_pb_slide][\/et_pb_fullwidth_slider][\/et_pb_section][et_pb_section fb_built=&#8221;1&#8243; _builder_version=&#8221;4.16&#8243; background_color=&#8221;rgba(12,113,195,0.54)&#8221; global_colors_info=&#8221;{}&#8221;][et_pb_row column_structure=&#8221;1_2,1_2&#8243; _builder_version=&#8221;4.16&#8243; global_colors_info=&#8221;{}&#8221;][et_pb_column type=&#8221;1_2&#8243; _builder_version=&#8221;4.16&#8243; custom_padding=&#8221;|||&#8221; global_colors_info=&#8221;{}&#8221; custom_padding__hover=&#8221;|||&#8221;][et_pb_image src=&#8221;http:\/\/www.sardaycia.com.uy\/home\/wp-content\/uploads\/2015\/01\/BCU_cot.jpg&#8221; url=&#8221;https:\/\/www.bcu.gub.uy\/Estadisticas-e-Indicadores\/Paginas\/Cotizaciones.aspx&#8221; url_new_window=&#8221;on&#8221; align_tablet=&#8221;center&#8221; align_phone=&#8221;center&#8221; align_last_edited=&#8221;on|desktop&#8221; _builder_version=&#8221;4.25.2&#8243; border_radii=&#8221;on|15px|15px|15px|15px&#8221; box_shadow_style=&#8221;preset2&#8243; global_colors_info=&#8221;{}&#8221;][\/et_pb_image][et_pb_button button_url=&#8221;https:\/\/www.bcu.gub.uy\/Estadisticas-e-Indicadores\/Paginas\/Cotizaciones.aspx&#8221; url_new_window=&#8221;on&#8221; button_text=&#8221;Ir a las Cotizaciones del d\u00eda&#8221; button_alignment=&#8221;center&#8221; _builder_version=&#8221;4.16&#8243; global_colors_info=&#8221;{}&#8221; button_text_size__hover_enabled=&#8221;off&#8221; button_one_text_size__hover_enabled=&#8221;off&#8221; button_two_text_size__hover_enabled=&#8221;off&#8221; button_text_color__hover_enabled=&#8221;off&#8221; button_one_text_color__hover_enabled=&#8221;off&#8221; button_two_text_color__hover_enabled=&#8221;off&#8221; button_border_width__hover_enabled=&#8221;off&#8221; button_one_border_width__hover_enabled=&#8221;off&#8221; button_two_border_width__hover_enabled=&#8221;off&#8221; button_border_color__hover_enabled=&#8221;off&#8221; button_one_border_color__hover_enabled=&#8221;off&#8221; button_two_border_color__hover_enabled=&#8221;off&#8221; button_border_radius__hover_enabled=&#8221;off&#8221; button_one_border_radius__hover_enabled=&#8221;off&#8221; button_two_border_radius__hover_enabled=&#8221;off&#8221; button_letter_spacing__hover_enabled=&#8221;off&#8221; button_one_letter_spacing__hover_enabled=&#8221;off&#8221; button_two_letter_spacing__hover_enabled=&#8221;off&#8221; button_bg_color__hover_enabled=&#8221;off&#8221; button_one_bg_color__hover_enabled=&#8221;off&#8221; button_two_bg_color__hover_enabled=&#8221;off&#8221;][\/et_pb_button][\/et_pb_column][et_pb_column type=&#8221;1_2&#8243; _builder_version=&#8221;4.16&#8243; custom_padding=&#8221;|||&#8221; global_colors_info=&#8221;{}&#8221; custom_padding__hover=&#8221;|||&#8221;][et_pb_image src=&#8221;http:\/\/www.sardaycia.com.uy\/home\/wp-content\/uploads\/2025\/02\/0212044574514211.jpg&#8221; title_text=&#8221;0212044574514211&#8243; url=&#8221;https:\/\/duaweb.mega6.com.uy\/login\/0307&#8243; url_new_window=&#8221;on&#8221; align_tablet=&#8221;center&#8221; align_phone=&#8221;center&#8221; align_last_edited=&#8221;on|desktop&#8221; _builder_version=&#8221;4.25.2&#8243; border_radii=&#8221;on|15px|15px|15px|15px&#8221; box_shadow_style=&#8221;preset2&#8243; global_colors_info=&#8221;{}&#8221;][\/et_pb_image][et_pb_button button_url=&#8221;https:\/\/duaweb.mega6.com.uy\/login\/0307&#8243; url_new_window=&#8221;on&#8221; button_text=&#8221;Ir a EXTRANET&#8221; button_alignment=&#8221;center&#8221; _builder_version=&#8221;4.16&#8243; global_colors_info=&#8221;{}&#8221; button_text_size__hover_enabled=&#8221;off&#8221; button_one_text_size__hover_enabled=&#8221;off&#8221; button_two_text_size__hover_enabled=&#8221;off&#8221; button_text_color__hover_enabled=&#8221;off&#8221; button_one_text_color__hover_enabled=&#8221;off&#8221; button_two_text_color__hover_enabled=&#8221;off&#8221; button_border_width__hover_enabled=&#8221;off&#8221; button_one_border_width__hover_enabled=&#8221;off&#8221; button_two_border_width__hover_enabled=&#8221;off&#8221; button_border_color__hover_enabled=&#8221;off&#8221; button_one_border_color__hover_enabled=&#8221;off&#8221; button_two_border_color__hover_enabled=&#8221;off&#8221; button_border_radius__hover_enabled=&#8221;off&#8221; button_one_border_radius__hover_enabled=&#8221;off&#8221; button_two_border_radius__hover_enabled=&#8221;off&#8221; button_letter_spacing__hover_enabled=&#8221;off&#8221; button_one_letter_spacing__hover_enabled=&#8221;off&#8221; button_two_letter_spacing__hover_enabled=&#8221;off&#8221; button_bg_color__hover_enabled=&#8221;off&#8221; button_one_bg_color__hover_enabled=&#8221;off&#8221; button_two_bg_color__hover_enabled=&#8221;off&#8221;][\/et_pb_button][\/et_pb_column][\/et_pb_row][\/et_pb_section]<\/p>\n","protected":false},"excerpt":{"rendered":"<p>Sard\u00e1 y C\u00eda. SC. est\u00e1 integrada por profesionales en el \u00e1rea de Comercio ExteriorNuestra trayectoria nos permite brindar asesoramientos y servicios profesionales responsables en cada operaci\u00f3nSolo usuarios registrados<\/p>\n","protected":false},"author":1,"featured_media":0,"parent":0,"menu_order":1,"comment_status":"closed","ping_status":"closed","template":"","meta":{"_et_pb_use_builder":"on","_et_pb_old_content":"","_et_gb_content_width":"","footnotes":""},"_links":{"self":[{"href":"http:\/\/www.sardaycia.com.uy\/home\/wp-json\/wp\/v2\/pages\/6"}],"collection":[{"href":"http:\/\/www.sardaycia.com.uy\/home\/wp-json\/wp\/v2\/pages"}],"about":[{"href":"http:\/\/www.sardaycia.com.uy\/home\/wp-json\/wp\/v2\/types\/page"}],"author":[{"embeddable":true,"href":"http:\/\/www.sardaycia.com.uy\/home\/wp-json\/wp\/v2\/users\/1"}],"replies":[{"embeddable":true,"href":"http:\/\/www.sardaycia.com.uy\/home\/wp-json\/wp\/v2\/comments?post=6"}],"version-history":[{"count":95,"href":"http:\/\/www.sardaycia.com.uy\/home\/wp-json\/wp\/v2\/pages\/6\/revisions"}],"predecessor-version":[{"id":765,"href":"http:\/\/www.sardaycia.com.uy\/home\/wp-json\/wp\/v2\/pages\/6\/revisions\/765"}],"wp:attachment":[{"href":"http:\/\/www.sardaycia.com.uy\/home\/wp-json\/wp\/v2\/media?parent=6"}],"curies":[{"name":"wp","href":"https:\/\/api.w.org\/{rel}","templated":true}]}}