{"id":15,"date":"2015-01-27T11:42:40","date_gmt":"2015-01-27T13:42:40","guid":{"rendered":"http:\/\/www.sardaycia.com.uy\/home\/?page_id=15"},"modified":"2025-02-28T14:16:08","modified_gmt":"2025-02-28T17:16:08","slug":"informacion-de-interes","status":"publish","type":"page","link":"http:\/\/www.sardaycia.com.uy\/home\/informacion-de-interes\/","title":{"rendered":"Informaci\u00f3n de Inter\u00e9s"},"content":{"rendered":"<p>[et_pb_section fb_built=&#8221;1&#8243; fullwidth=&#8221;on&#8221; _builder_version=&#8221;4.25.2&#8243; _module_preset=&#8221;default&#8221; box_shadow_style=&#8221;preset3&#8243; global_colors_info=&#8221;{}&#8221; theme_builder_area=&#8221;post_content&#8221;][et_pb_fullwidth_header background_overlay_color=&#8221;RGBA(255,255,255,0)&#8221; _builder_version=&#8221;4.25.2&#8243; _module_preset=&#8221;default&#8221; title_text_align=&#8221;center&#8221; content_text_align=&#8221;center&#8221; subhead_text_align=&#8221;center&#8221; background_image=&#8221;http:\/\/www.sardaycia.com.uy\/home\/wp-content\/uploads\/2025\/02\/21545.jpg&#8221; background_position=&#8221;center_right&#8221; height=&#8221;350px&#8221; hover_enabled=&#8221;0&#8243; box_shadow_style=&#8221;preset3&#8243; global_colors_info=&#8221;{}&#8221; theme_builder_area=&#8221;post_content&#8221; title_text=&#8221;21545&#8243; sticky_enabled=&#8221;0&#8243;][\/et_pb_fullwidth_header][\/et_pb_section][et_pb_section fb_built=&#8221;1&#8243; _builder_version=&#8221;4.25.2&#8243; _module_preset=&#8221;default&#8221; custom_margin=&#8221;30px||60px||false|false&#8221; global_colors_info=&#8221;{}&#8221;][et_pb_row _builder_version=&#8221;4.25.2&#8243; _module_preset=&#8221;default&#8221;][et_pb_column _builder_version=&#8221;4.25.2&#8243; _module_preset=&#8221;default&#8221; type=&#8221;4_4&#8243;][et_pb_text _builder_version=&#8221;4.25.2&#8243; background_size=&#8221;initial&#8221; background_position=&#8221;top_left&#8221; background_repeat=&#8221;repeat&#8221; custom_margin=&#8221;20px||||false|false&#8221; border_color_all=&#8221;#000000&#8243; border_width_bottom=&#8221;1px&#8221; border_style_bottom=&#8221;dotted&#8221; use_border_color=&#8221;off&#8221; border_color=&#8221;#ffffff&#8221; border_style=&#8221;solid&#8221; global_colors_info=&#8221;{}&#8221; theme_builder_area=&#8221;post_content&#8221;]<\/p>\n<h1 class=\"et_pb_module_header\">Informaci\u00f3n de Inter\u00e9s<\/h1>\n<p>[\/et_pb_text][\/et_pb_column][\/et_pb_row][et_pb_row column_structure=&#8221;1_2,1_2&#8243; admin_label=&#8221;row&#8221; _builder_version=&#8221;4.25.2&#8243; background_size=&#8221;initial&#8221; background_position=&#8221;top_left&#8221; background_repeat=&#8221;repeat&#8221; global_colors_info=&#8221;{}&#8221;][et_pb_column type=&#8221;1_2&#8243; _builder_version=&#8221;4.16&#8243; custom_padding=&#8221;|||&#8221; global_colors_info=&#8221;{}&#8221; custom_padding__hover=&#8221;|||&#8221;][et_pb_image src=&#8221;http:\/\/www.sardaycia.com.uy\/home\/wp-content\/uploads\/2015\/01\/BCU_lgo.jpg&#8221; align_tablet=&#8221;center&#8221; align_phone=&#8221;&#8221; align_last_edited=&#8221;on|desktop&#8221; admin_label=&#8221;Imagen&#8221; _builder_version=&#8221;4.25.2&#8243; animation_style=&#8221;fade&#8221; animation_duration=&#8221;500ms&#8221; border_radii=&#8221;on|20px|20px|20px|20px&#8221; border_width_all=&#8221;1px&#8221; border_color_all=&#8221;#bfbfbf&#8221; border_style_all=&#8221;solid&#8221; box_shadow_style=&#8221;preset3&#8243; animation=&#8221;fade_in&#8221; sticky=&#8221;off&#8221; use_border_color=&#8221;on&#8221; border_color=&#8221;#bfbfbf&#8221; border_style=&#8221;solid&#8221; always_center_on_mobile=&#8221;on&#8221; global_colors_info=&#8221;{}&#8221;][\/et_pb_image][\/et_pb_column][et_pb_column type=&#8221;1_2&#8243; _builder_version=&#8221;4.16&#8243; custom_padding=&#8221;|||&#8221; global_colors_info=&#8221;{}&#8221; custom_padding__hover=&#8221;|||&#8221;][et_pb_text admin_label=&#8221;Texto&#8221; _builder_version=&#8221;4.16&#8243; background_size=&#8221;initial&#8221; background_position=&#8221;top_left&#8221; background_repeat=&#8221;repeat&#8221; use_border_color=&#8221;off&#8221; border_color=&#8221;#ffffff&#8221; border_style=&#8221;solid&#8221; global_colors_info=&#8221;{}&#8221;]El Banco Central del Uruguay (BCU) fue creado en 1967. Tiene autonom\u00eda t\u00e9cnica, administrativa y financiera en los t\u00e9rminos de la Constituci\u00f3n de la Rep\u00fablica y de la Carta Org\u00e1nica. Sus principales finalidades son la estabilidad de precios y la regulaci\u00f3n y supervisi\u00f3n del sistema financiero y del sistema de pagos.<br \/>\n[\/et_pb_text][et_pb_button button_url=&#8221;https:\/\/www.bcu.gub.uy\/Estadisticas-e-Indicadores\/Paginas\/Cotizaciones.aspx&#8221; url_new_window=&#8221;on&#8221; button_text=&#8221;COTIZACIONES DEL D\u00cdA&#8221; button_alignment=&#8221;left&#8221; admin_label=&#8221;Bot\u00f3n&#8221; _builder_version=&#8221;4.25.2&#8243; custom_button=&#8221;on&#8221; button_text_color=&#8221;#026025&#8243; button_bg_color=&#8221;#ffffff&#8221; button_border_color=&#8221;#000000&#8243; button_letter_spacing_hover=&#8221;0&#8243; global_colors_info=&#8221;{}&#8221; button_text_size__hover_enabled=&#8221;off&#8221; button_one_text_size__hover_enabled=&#8221;off&#8221; button_two_text_size__hover_enabled=&#8221;off&#8221; button_text_color__hover_enabled=&#8221;off&#8221; button_one_text_color__hover_enabled=&#8221;off&#8221; button_two_text_color__hover_enabled=&#8221;off&#8221; button_border_width__hover_enabled=&#8221;off&#8221; button_one_border_width__hover_enabled=&#8221;off&#8221; button_two_border_width__hover_enabled=&#8221;off&#8221; button_border_color__hover_enabled=&#8221;off&#8221; button_one_border_color__hover_enabled=&#8221;off&#8221; button_two_border_color__hover_enabled=&#8221;off&#8221; button_border_radius__hover_enabled=&#8221;off&#8221; button_one_border_radius__hover_enabled=&#8221;off&#8221; button_two_border_radius__hover_enabled=&#8221;off&#8221; button_letter_spacing__hover_enabled=&#8221;on&#8221; button_letter_spacing__hover=&#8221;0&#8243; button_one_letter_spacing__hover_enabled=&#8221;off&#8221; button_two_letter_spacing__hover_enabled=&#8221;off&#8221; button_bg_color__hover_enabled=&#8221;off&#8221; button_one_bg_color__hover_enabled=&#8221;off&#8221; button_two_bg_color__hover_enabled=&#8221;off&#8221;][\/et_pb_button][\/et_pb_column][\/et_pb_row][\/et_pb_section]<\/p>\n","protected":false},"excerpt":{"rendered":"<p>Informaci\u00f3n de Inter\u00e9sEl Banco Central del Uruguay (BCU) fue creado en 1967. Tiene autonom\u00eda t\u00e9cnica, administrativa y financiera en los t\u00e9rminos de la Constituci\u00f3n de la Rep\u00fablica y de la Carta Org\u00e1nica. Sus principales finalidades son la estabilidad de precios y la regulaci\u00f3n y supervisi\u00f3n del sistema financiero y del sistema de pagos.<\/p>\n","protected":false},"author":1,"featured_media":0,"parent":0,"menu_order":5,"comment_status":"closed","ping_status":"closed","template":"","meta":{"_et_pb_use_builder":"on","_et_pb_old_content":"","_et_gb_content_width":"","footnotes":""},"_links":{"self":[{"href":"http:\/\/www.sardaycia.com.uy\/home\/wp-json\/wp\/v2\/pages\/15"}],"collection":[{"href":"http:\/\/www.sardaycia.com.uy\/home\/wp-json\/wp\/v2\/pages"}],"about":[{"href":"http:\/\/www.sardaycia.com.uy\/home\/wp-json\/wp\/v2\/types\/page"}],"author":[{"embeddable":true,"href":"http:\/\/www.sardaycia.com.uy\/home\/wp-json\/wp\/v2\/users\/1"}],"replies":[{"embeddable":true,"href":"http:\/\/www.sardaycia.com.uy\/home\/wp-json\/wp\/v2\/comments?post=15"}],"version-history":[{"count":15,"href":"http:\/\/www.sardaycia.com.uy\/home\/wp-json\/wp\/v2\/pages\/15\/revisions"}],"predecessor-version":[{"id":741,"href":"http:\/\/www.sardaycia.com.uy\/home\/wp-json\/wp\/v2\/pages\/15\/revisions\/741"}],"wp:attachment":[{"href":"http:\/\/www.sardaycia.com.uy\/home\/wp-json\/wp\/v2\/media?parent=15"}],"curies":[{"name":"wp","href":"https:\/\/api.w.org\/{rel}","templated":true}]}}