{"id":13,"date":"2015-01-27T11:42:18","date_gmt":"2015-01-27T13:42:18","guid":{"rendered":"http:\/\/www.sardaycia.com.uy\/home\/?page_id=13"},"modified":"2025-02-28T14:11:39","modified_gmt":"2025-02-28T17:11:39","slug":"servicios","status":"publish","type":"page","link":"http:\/\/www.sardaycia.com.uy\/home\/servicios\/","title":{"rendered":"Servicios"},"content":{"rendered":"<p>[et_pb_section fb_built=&#8221;1&#8243; fullwidth=&#8221;on&#8221; _builder_version=&#8221;4.25.2&#8243; _module_preset=&#8221;default&#8221; box_shadow_style=&#8221;preset3&#8243; global_colors_info=&#8221;{}&#8221;][et_pb_fullwidth_header background_overlay_color=&#8221;RGBA(255,255,255,0)&#8221; _builder_version=&#8221;4.25.2&#8243; _module_preset=&#8221;default&#8221; title_text_align=&#8221;center&#8221; content_text_align=&#8221;center&#8221; subhead_text_align=&#8221;center&#8221; background_image=&#8221;http:\/\/www.sardaycia.com.uy\/home\/wp-content\/uploads\/2025\/02\/1215415445454.jpg&#8221; background_position=&#8221;center_right&#8221; height=&#8221;350px&#8221; box_shadow_style=&#8221;preset3&#8243; global_colors_info=&#8221;{}&#8221;][\/et_pb_fullwidth_header][\/et_pb_section][et_pb_section fb_built=&#8221;1&#8243; _builder_version=&#8221;4.25.2&#8243; _module_preset=&#8221;default&#8221; global_colors_info=&#8221;{}&#8221;][et_pb_row _builder_version=&#8221;4.25.2&#8243; _module_preset=&#8221;default&#8221; global_colors_info=&#8221;{}&#8221;][et_pb_column type=&#8221;4_4&#8243; _builder_version=&#8221;4.25.2&#8243; _module_preset=&#8221;default&#8221; global_colors_info=&#8221;{}&#8221;][et_pb_text _builder_version=&#8221;4.25.2&#8243; background_size=&#8221;initial&#8221; background_position=&#8221;top_left&#8221; background_repeat=&#8221;repeat&#8221; custom_margin=&#8221;20px||||false|false&#8221; border_color_all=&#8221;#000000&#8243; border_width_bottom=&#8221;1px&#8221; border_style_bottom=&#8221;dotted&#8221; use_border_color=&#8221;off&#8221; border_color=&#8221;#ffffff&#8221; border_style=&#8221;solid&#8221; global_colors_info=&#8221;{}&#8221; theme_builder_area=&#8221;post_content&#8221;]<\/p>\n<h1>Servicios<\/h1>\n<p>[\/et_pb_text][et_pb_text _builder_version=&#8221;4.25.2&#8243; _module_preset=&#8221;default&#8221; text_orientation=&#8221;center&#8221; global_colors_info=&#8221;{}&#8221;]<\/p>\n<p><strong>Nuestra trayectoria nos permite brindar asesoramientos y servicios profesionales responsables en cada operaci\u00f3n:<\/strong><\/p>\n<p>[\/et_pb_text][\/et_pb_column][\/et_pb_row][et_pb_row _builder_version=&#8221;4.25.2&#8243; _module_preset=&#8221;default&#8221; use_background_color_gradient=&#8221;on&#8221; background_color_gradient_direction=&#8221;308deg&#8221; background_color_gradient_stops=&#8221;rgba(0,0,0,0.12) 13%|#ffffff 43%&#8221; custom_padding=&#8221;30px|30px|30px|30px|false|false&#8221; border_radii=&#8221;on|10px|10px|10px|10px&#8221; border_width_all=&#8221;1px&#8221; border_color_all=&#8221;#dedede&#8221; box_shadow_style=&#8221;preset3&#8243; global_colors_info=&#8221;{}&#8221;][et_pb_column type=&#8221;4_4&#8243; _builder_version=&#8221;4.25.2&#8243; _module_preset=&#8221;default&#8221; global_colors_info=&#8221;{}&#8221;][et_pb_text _builder_version=&#8221;4.25.2&#8243; _module_preset=&#8221;default&#8221; text_orientation=&#8221;center&#8221; global_colors_info=&#8221;{}&#8221;]<\/p>\n<p>Asesoramiento Integral en Comercio Exterior<br \/>Oficinas en Buenos Aires \u2013 Argentina<br \/>Oficinas en todas las fronteras terrestres del Uruguay<br \/>Zonas Francas del Uruguay<br \/>Importaci\u00f3n \u2013 Exportaci\u00f3n<br \/>Tr\u00e1nsitos \u2013 Reembarcos<br \/>Abastecimientos a Naves<br \/>Dep\u00f3sitos Aduaneros<br \/>Representaciones<br \/>Log\u00edstica<\/p>\n<p>[\/et_pb_text][\/et_pb_column][\/et_pb_row][\/et_pb_section][et_pb_section fb_built=&#8221;1&#8243; inner_shadow=&#8221;on&#8221; fullwidth=&#8221;on&#8221; admin_label=&#8221;section&#8221; _builder_version=&#8221;4.25.2&#8243; custom_margin=&#8221;0px|||&#8221; custom_padding=&#8221;80px||||false|false&#8221; global_colors_info=&#8221;{}&#8221;][et_pb_fullwidth_header title=&#8221;Instituciones&#8221; _builder_version=&#8221;4.25.2&#8243; title_level=&#8221;h2&#8243; title_text_align=&#8221;center&#8221; title_font_size=&#8221;32px&#8221; background_color=&#8221;#1A2451&#8243; global_colors_info=&#8221;{}&#8221; button_one_text_size__hover_enabled=&#8221;off&#8221; button_two_text_size__hover_enabled=&#8221;off&#8221; button_one_text_color__hover_enabled=&#8221;off&#8221; button_two_text_color__hover_enabled=&#8221;off&#8221; button_one_border_width__hover_enabled=&#8221;off&#8221; button_two_border_width__hover_enabled=&#8221;off&#8221; button_one_border_color__hover_enabled=&#8221;off&#8221; button_two_border_color__hover_enabled=&#8221;off&#8221; button_one_border_radius__hover_enabled=&#8221;off&#8221; button_two_border_radius__hover_enabled=&#8221;off&#8221; button_one_letter_spacing__hover_enabled=&#8221;off&#8221; button_two_letter_spacing__hover_enabled=&#8221;off&#8221; button_one_bg_color__hover_enabled=&#8221;off&#8221; button_two_bg_color__hover_enabled=&#8221;off&#8221;][\/et_pb_fullwidth_header][et_pb_fullwidth_slider admin_label=&#8221;Fullwidth Slider&#8221; _builder_version=&#8221;4.25.2&#8243; background_color=&#8221;#1A2451&#8243; custom_padding=&#8221;|||&#8221; custom_padding_tablet=&#8221;|||&#8221; custom_padding_phone=&#8221;|||&#8221; auto=&#8221;on&#8221; auto_speed=&#8221;5500&#8243; remove_inner_shadow=&#8221;on&#8221; hide_content_on_mobile=&#8221;off&#8221; hide_cta_on_mobile=&#8221;off&#8221; show_inner_shadow=&#8221;off&#8221; button_letter_spacing_hover=&#8221;0&#8243; global_colors_info=&#8221;{}&#8221; button_text_size__hover_enabled=&#8221;off&#8221; button_one_text_size__hover_enabled=&#8221;off&#8221; button_two_text_size__hover_enabled=&#8221;off&#8221; button_text_color__hover_enabled=&#8221;off&#8221; button_one_text_color__hover_enabled=&#8221;off&#8221; button_two_text_color__hover_enabled=&#8221;off&#8221; button_border_width__hover_enabled=&#8221;off&#8221; button_one_border_width__hover_enabled=&#8221;off&#8221; button_two_border_width__hover_enabled=&#8221;off&#8221; button_border_color__hover_enabled=&#8221;off&#8221; button_one_border_color__hover_enabled=&#8221;off&#8221; button_two_border_color__hover_enabled=&#8221;off&#8221; button_border_radius__hover_enabled=&#8221;off&#8221; button_one_border_radius__hover_enabled=&#8221;off&#8221; button_two_border_radius__hover_enabled=&#8221;off&#8221; button_letter_spacing__hover_enabled=&#8221;on&#8221; button_letter_spacing__hover=&#8221;0&#8243; button_one_letter_spacing__hover_enabled=&#8221;off&#8221; button_two_letter_spacing__hover_enabled=&#8221;off&#8221; button_bg_color__hover_enabled=&#8221;off&#8221; button_one_bg_color__hover_enabled=&#8221;off&#8221; button_two_bg_color__hover_enabled=&#8221;off&#8221;][et_pb_slide heading=&#8221;ADAU&#8221; button_text=&#8221;Saber M\u00e1s&#8221; button_link=&#8221;http:\/\/www.adau.com.uy\/&#8221; url_new_window=&#8221;on&#8221; image=&#8221;http:\/\/www.sardaycia.com.uy\/home\/wp-content\/uploads\/2015\/01\/Adau_lgo.jpg&#8221; use_bg_overlay=&#8221;off&#8221; use_text_overlay=&#8221;off&#8221; _builder_version=&#8221;4.25.2&#8243; header_font=&#8221;||||&#8221; body_font=&#8221;||||&#8221; background_color=&#8221;#ffffff&#8221; button_icon_placement=&#8221;right&#8221; button_on_hover=&#8221;on&#8221; background_layout=&#8221;light&#8221; link_option_url=&#8221;http:\/\/www.adau.com.uy\/&#8221; link_option_url_new_window=&#8221;on&#8221; border_radii_image=&#8221;on|20px|20px|20px|20px&#8221; border_width_all_image=&#8221;1px&#8221; box_shadow_style_image=&#8221;preset3&#8243; global_colors_info=&#8221;{}&#8221; button_text_size__hover_enabled=&#8221;off&#8221; button_one_text_size__hover_enabled=&#8221;off&#8221; button_two_text_size__hover_enabled=&#8221;off&#8221; button_text_color__hover_enabled=&#8221;off&#8221; button_one_text_color__hover_enabled=&#8221;off&#8221; button_two_text_color__hover_enabled=&#8221;off&#8221; button_border_width__hover_enabled=&#8221;off&#8221; button_one_border_width__hover_enabled=&#8221;off&#8221; button_two_border_width__hover_enabled=&#8221;off&#8221; button_border_color__hover_enabled=&#8221;off&#8221; button_one_border_color__hover_enabled=&#8221;off&#8221; button_two_border_color__hover_enabled=&#8221;off&#8221; button_border_radius__hover_enabled=&#8221;off&#8221; button_one_border_radius__hover_enabled=&#8221;off&#8221; button_two_border_radius__hover_enabled=&#8221;off&#8221; button_letter_spacing__hover_enabled=&#8221;off&#8221; button_one_letter_spacing__hover_enabled=&#8221;off&#8221; button_two_letter_spacing__hover_enabled=&#8221;off&#8221; button_bg_color__hover_enabled=&#8221;off&#8221; button_one_bg_color__hover_enabled=&#8221;off&#8221; button_two_bg_color__hover_enabled=&#8221;off&#8221; sticky_transition=&#8221;on&#8221;]<\/p>\n<p>Defiende los intereses y derechos de los afiliados a la asociaci\u00f3n, brinda servicios de asesor\u00eda e informaci\u00f3n tratando de generar soluciones para la diversas problem\u00e1ticas que se presentan en el sector.<br \/>Dispensa asesoramientos que cubren tanto los aspectos jur\u00eddico, contables y de comercio exterior, contratando en car\u00e1cter permanente a tales efectos estudios profesionales externos. Estos servicios de asesoramiento son totalmente gratuitos para el asociado, siendo solventados por la Asociaci\u00f3n de Despachantes de Aduana del Uruguay (ADAU).<\/p>\n<p>[\/et_pb_slide][et_pb_slide heading=&#8221;ASAPRA&#8221; button_text=&#8221;Saber M\u00e1s&#8221; button_link=&#8221;http:\/\/www.asapra.com\/&#8221; url_new_window=&#8221;on&#8221; image=&#8221;http:\/\/www.sardaycia.com.uy\/home\/wp-content\/uploads\/2015\/01\/ASAPRA_lgo.jpg&#8221; use_bg_overlay=&#8221;off&#8221; use_text_overlay=&#8221;off&#8221; _builder_version=&#8221;4.25.2&#8243; header_font=&#8221;||||&#8221; body_font=&#8221;||||&#8221; background_color=&#8221;#ffffff&#8221; button_icon_placement=&#8221;right&#8221; button_on_hover=&#8221;on&#8221; background_layout=&#8221;light&#8221; link_option_url=&#8221;http:\/\/www.asapra.com\/&#8221; link_option_url_new_window=&#8221;on&#8221; border_radii_image=&#8221;on|20px|20px|20px|20px&#8221; border_width_all_image=&#8221;1px&#8221; box_shadow_style_image=&#8221;preset3&#8243; global_colors_info=&#8221;{}&#8221; button_text_size__hover_enabled=&#8221;off&#8221; button_one_text_size__hover_enabled=&#8221;off&#8221; button_two_text_size__hover_enabled=&#8221;off&#8221; button_text_color__hover_enabled=&#8221;off&#8221; button_one_text_color__hover_enabled=&#8221;off&#8221; button_two_text_color__hover_enabled=&#8221;off&#8221; button_border_width__hover_enabled=&#8221;off&#8221; button_one_border_width__hover_enabled=&#8221;off&#8221; button_two_border_width__hover_enabled=&#8221;off&#8221; button_border_color__hover_enabled=&#8221;off&#8221; button_one_border_color__hover_enabled=&#8221;off&#8221; button_two_border_color__hover_enabled=&#8221;off&#8221; button_border_radius__hover_enabled=&#8221;off&#8221; button_one_border_radius__hover_enabled=&#8221;off&#8221; button_two_border_radius__hover_enabled=&#8221;off&#8221; button_letter_spacing__hover_enabled=&#8221;off&#8221; button_one_letter_spacing__hover_enabled=&#8221;off&#8221; button_two_letter_spacing__hover_enabled=&#8221;off&#8221; button_bg_color__hover_enabled=&#8221;off&#8221; button_one_bg_color__hover_enabled=&#8221;off&#8221; button_two_bg_color__hover_enabled=&#8221;off&#8221; sticky_transition=&#8221;on&#8221;]<\/p>\n<p>ASAPRA, es una corporaci\u00f3n internacional de derecho privado, sin fines de lucro, que fue fundada en Vi\u00f1a del Mar, Chile, en 1969, con la finalidad de integrar en una sola entidad a las c\u00e1maras, federaciones, asociaciones y uniones de Agentes, Despachantes y\/o Corredores de Aduana de Am\u00e9rica Latina, Espa\u00f1a y Portugal. Los Agentes de Aduana, de esta forma representados por ASAPRA, hoy alcanzan a mas de 25 mil profesionales distribuidos en los distintos pa\u00edses de Iberoam\u00e9rica.<\/p>\n<p>[\/et_pb_slide][et_pb_slide heading=&#8221;IFCBA&#8221; button_text=&#8221;Saber M\u00e1s&#8221; button_link=&#8221;http:\/\/ifcba.org\/&#8221; url_new_window=&#8221;on&#8221; image=&#8221;http:\/\/www.sardaycia.com.uy\/home\/wp-content\/uploads\/2015\/01\/IFCBA_lgo.jpg&#8221; use_bg_overlay=&#8221;off&#8221; use_text_overlay=&#8221;off&#8221; _builder_version=&#8221;4.25.2&#8243; header_font=&#8221;||||&#8221; body_font=&#8221;||||&#8221; background_color=&#8221;#ffffff&#8221; button_icon_placement=&#8221;right&#8221; button_on_hover=&#8221;on&#8221; background_layout=&#8221;light&#8221; link_option_url=&#8221;http:\/\/ifcba.org\/&#8221; link_option_url_new_window=&#8221;on&#8221; border_radii_image=&#8221;on|20px|20px|20px|20px&#8221; border_width_all_image=&#8221;1px&#8221; box_shadow_style_image=&#8221;preset3&#8243; global_colors_info=&#8221;{}&#8221; button_text_size__hover_enabled=&#8221;off&#8221; button_one_text_size__hover_enabled=&#8221;off&#8221; button_two_text_size__hover_enabled=&#8221;off&#8221; button_text_color__hover_enabled=&#8221;off&#8221; button_one_text_color__hover_enabled=&#8221;off&#8221; button_two_text_color__hover_enabled=&#8221;off&#8221; button_border_width__hover_enabled=&#8221;off&#8221; button_one_border_width__hover_enabled=&#8221;off&#8221; button_two_border_width__hover_enabled=&#8221;off&#8221; button_border_color__hover_enabled=&#8221;off&#8221; button_one_border_color__hover_enabled=&#8221;off&#8221; button_two_border_color__hover_enabled=&#8221;off&#8221; button_border_radius__hover_enabled=&#8221;off&#8221; button_one_border_radius__hover_enabled=&#8221;off&#8221; button_two_border_radius__hover_enabled=&#8221;off&#8221; button_letter_spacing__hover_enabled=&#8221;off&#8221; button_one_letter_spacing__hover_enabled=&#8221;off&#8221; button_two_letter_spacing__hover_enabled=&#8221;off&#8221; button_bg_color__hover_enabled=&#8221;off&#8221; button_one_bg_color__hover_enabled=&#8221;off&#8221; button_two_bg_color__hover_enabled=&#8221;off&#8221; sticky_transition=&#8221;on&#8221;]<\/p>\n<p>IFCBA, International Federation of Customs Brokers Associations, fundada en 1990 en la conferencia realizada en Singapur. Actualmente, forman parte de IFCBA 24 pa\u00edses de todo el mundo, entre los que figuran Argentina, Chile, M\u00e9xico y Uruguay de Am\u00e9rica Latina, junto con Estados Unidos, Australia, Italia, Jap\u00f3n, Portugal, Canad\u00e1, India, Jamaica, Corea, Filipinas, Emiratos Arabes, Hungr\u00eda, Lituania, Mongolia, Indonesia, Latvia, Malasia, Espa\u00f1a y Fiji. En 1998 se suscribi\u00f3 un importante acuerdo de mutua cooperaci\u00f3n entre la IFCBA, ASAPRA y CONFIAD-Confederaci\u00f3n Internacional de Agentes de Aduana.<\/p>\n<p>[\/et_pb_slide][\/et_pb_fullwidth_slider][\/et_pb_section][et_pb_section fb_built=&#8221;1&#8243; inner_shadow=&#8221;on&#8221; admin_label=&#8221;section&#8221; _builder_version=&#8221;4.16&#8243; background_color=&#8221;#a06e18&#8243; use_background_color_gradient=&#8221;on&#8221; background_color_gradient_stops=&#8221;#314b90 0%|#081c4f 100%&#8221; background_color_gradient_start=&#8221;#314b90&#8243; background_color_gradient_end=&#8221;#081c4f&#8221; global_colors_info=&#8221;{}&#8221;][et_pb_row admin_label=&#8221;row&#8221; _builder_version=&#8221;4.16&#8243; background_size=&#8221;initial&#8221; background_position=&#8221;top_left&#8221; background_repeat=&#8221;repeat&#8221; global_colors_info=&#8221;{}&#8221;][et_pb_column type=&#8221;4_4&#8243; _builder_version=&#8221;4.16&#8243; custom_padding=&#8221;|||&#8221; global_colors_info=&#8221;{}&#8221; custom_padding__hover=&#8221;|||&#8221;][et_pb_cta title=&#8221;\u00bfRequiere de nuestros servicios?&#8221; button_url=&#8221;http:\/\/www.sardaycia.com.uy\/home\/contacto\/&#8221; button_text=&#8221;Contacto&#8221; admin_label=&#8221;Call To Action&#8221; _builder_version=&#8221;4.25.2&#8243; header_level=&#8221;h1&#8243; use_background_color=&#8221;off&#8221; background_color_gradient_start=&#8221;#0b1f52&#8243; background_color_gradient_end=&#8221;#314b90&#8243; background_size=&#8221;initial&#8221; background_position=&#8221;top_left&#8221; background_repeat=&#8221;repeat&#8221; use_border_color=&#8221;off&#8221; global_colors_info=&#8221;{}&#8221; button_text_size__hover_enabled=&#8221;off&#8221; button_one_text_size__hover_enabled=&#8221;off&#8221; button_two_text_size__hover_enabled=&#8221;off&#8221; button_text_color__hover_enabled=&#8221;off&#8221; button_one_text_color__hover_enabled=&#8221;off&#8221; button_two_text_color__hover_enabled=&#8221;off&#8221; button_border_width__hover_enabled=&#8221;off&#8221; button_one_border_width__hover_enabled=&#8221;off&#8221; button_two_border_width__hover_enabled=&#8221;off&#8221; button_border_color__hover_enabled=&#8221;off&#8221; button_one_border_color__hover_enabled=&#8221;off&#8221; button_two_border_color__hover_enabled=&#8221;off&#8221; button_border_radius__hover_enabled=&#8221;off&#8221; button_one_border_radius__hover_enabled=&#8221;off&#8221; button_two_border_radius__hover_enabled=&#8221;off&#8221; button_letter_spacing__hover_enabled=&#8221;off&#8221; button_one_letter_spacing__hover_enabled=&#8221;off&#8221; button_two_letter_spacing__hover_enabled=&#8221;off&#8221; button_bg_color__hover_enabled=&#8221;off&#8221; button_one_bg_color__hover_enabled=&#8221;off&#8221; button_two_bg_color__hover_enabled=&#8221;off&#8221;]Env\u00edenos un mensaje y en breve uno de nuestros representantes de servicio al cliente le responder\u00e1 lo antes posible.<br \/>\n[\/et_pb_cta][\/et_pb_column][\/et_pb_row][\/et_pb_section]<\/p>\n","protected":false},"excerpt":{"rendered":"<p>ServiciosNuestra trayectoria nos permite brindar asesoramientos y servicios profesionales responsables en cada operaci\u00f3n:Asesoramiento Integral en Comercio ExteriorOficinas en Buenos Aires \u2013 ArgentinaOficinas en todas las fronteras terrestres del UruguayZonas Francas del UruguayImportaci\u00f3n \u2013 Exportaci\u00f3nTr\u00e1nsitos \u2013 ReembarcosAbastecimientos a NavesDep\u00f3sitos AduanerosRepresentacionesLog\u00edsticaDefiende los intereses y derechos de los afiliados a la asociaci\u00f3n, brinda servicios de asesor\u00eda e informaci\u00f3n [&hellip;]<\/p>\n","protected":false},"author":1,"featured_media":0,"parent":0,"menu_order":4,"comment_status":"closed","ping_status":"closed","template":"","meta":{"_et_pb_use_builder":"on","_et_pb_old_content":"","_et_gb_content_width":"","footnotes":""},"_links":{"self":[{"href":"http:\/\/www.sardaycia.com.uy\/home\/wp-json\/wp\/v2\/pages\/13"}],"collection":[{"href":"http:\/\/www.sardaycia.com.uy\/home\/wp-json\/wp\/v2\/pages"}],"about":[{"href":"http:\/\/www.sardaycia.com.uy\/home\/wp-json\/wp\/v2\/types\/page"}],"author":[{"embeddable":true,"href":"http:\/\/www.sardaycia.com.uy\/home\/wp-json\/wp\/v2\/users\/1"}],"replies":[{"embeddable":true,"href":"http:\/\/www.sardaycia.com.uy\/home\/wp-json\/wp\/v2\/comments?post=13"}],"version-history":[{"count":86,"href":"http:\/\/www.sardaycia.com.uy\/home\/wp-json\/wp\/v2\/pages\/13\/revisions"}],"predecessor-version":[{"id":739,"href":"http:\/\/www.sardaycia.com.uy\/home\/wp-json\/wp\/v2\/pages\/13\/revisions\/739"}],"wp:attachment":[{"href":"http:\/\/www.sardaycia.com.uy\/home\/wp-json\/wp\/v2\/media?parent=13"}],"curies":[{"name":"wp","href":"https:\/\/api.w.org\/{rel}","templated":true}]}}