{"id":11,"date":"2015-01-27T11:41:32","date_gmt":"2015-01-27T13:41:32","guid":{"rendered":"http:\/\/www.sardaycia.com.uy\/home\/?page_id=11"},"modified":"2025-02-28T14:26:21","modified_gmt":"2025-02-28T17:26:21","slug":"calidad","status":"publish","type":"page","link":"http:\/\/www.sardaycia.com.uy\/home\/calidad\/","title":{"rendered":"Pol\u00edtica del Sistema Integrado de Gesti\u00f3n Seguridad\/Calidad"},"content":{"rendered":"<p>[et_pb_section fb_built=&#8221;1&#8243; fullwidth=&#8221;on&#8221; _builder_version=&#8221;4.25.2&#8243; _module_preset=&#8221;default&#8221; box_shadow_style=&#8221;preset3&#8243; global_colors_info=&#8221;{}&#8221; theme_builder_area=&#8221;post_content&#8221;][et_pb_fullwidth_header background_overlay_color=&#8221;RGBA(255,255,255,0)&#8221; _builder_version=&#8221;4.25.2&#8243; _module_preset=&#8221;default&#8221; title_text_align=&#8221;center&#8221; content_text_align=&#8221;center&#8221; subhead_text_align=&#8221;center&#8221; background_image=&#8221;http:\/\/www.sardaycia.com.uy\/home\/wp-content\/uploads\/2025\/02\/22454587.jpg&#8221; background_position=&#8221;center_right&#8221; height=&#8221;350px&#8221; hover_enabled=&#8221;0&#8243; box_shadow_style=&#8221;preset3&#8243; global_colors_info=&#8221;{}&#8221; theme_builder_area=&#8221;post_content&#8221; title_text=&#8221;22454587&#8243; sticky_enabled=&#8221;0&#8243;][\/et_pb_fullwidth_header][\/et_pb_section][et_pb_section fb_built=&#8221;1&#8243; _builder_version=&#8221;4.25.2&#8243; _module_preset=&#8221;default&#8221; global_colors_info=&#8221;{}&#8221;][et_pb_row _builder_version=&#8221;4.25.2&#8243; _module_preset=&#8221;default&#8221; global_colors_info=&#8221;{}&#8221;][et_pb_column type=&#8221;4_4&#8243; _builder_version=&#8221;4.25.2&#8243; _module_preset=&#8221;default&#8221; global_colors_info=&#8221;{}&#8221;][et_pb_text _builder_version=&#8221;4.25.2&#8243; background_size=&#8221;initial&#8221; background_position=&#8221;top_left&#8221; background_repeat=&#8221;repeat&#8221; custom_margin=&#8221;20px||||false|false&#8221; border_color_all=&#8221;#000000&#8243; border_width_bottom=&#8221;1px&#8221; border_style_bottom=&#8221;dotted&#8221; use_border_color=&#8221;off&#8221; border_color=&#8221;#ffffff&#8221; border_style=&#8221;solid&#8221; global_colors_info=&#8221;{}&#8221; theme_builder_area=&#8221;post_content&#8221;]<\/p>\n<h1 class=\"et_pb_module_header\">Pol\u00edtica del Sistema Integrado de Gesti\u00f3n Seguridad\/Calidad<\/h1>\n<p>[\/et_pb_text][et_pb_text _builder_version=&#8221;4.25.2&#8243; _module_preset=&#8221;default&#8221; global_colors_info=&#8221;{}&#8221;]<\/p>\n<p><strong>Nos comprometemos en:<\/strong><\/p>\n<p>\u2022 El cumplimiento de los requisitos de nuestros clientes, de la Normativa Legal vigente y requisitos OEC.<br \/>\u2022 En preservar la seguridad a nivel nacional e internacional, oponi\u00e9ndonos a cualquier acto o actividad il\u00edcita tales como narcotr\u00e1fico, contrabando, terrorismo, tr\u00e1fico de productos falsificados, tr\u00e1fico de armas, lavado de activos, trabajo forzoso, encarcelado e infantil u otro tipo de delitos econ\u00f3micos que afecten a la cadena de comercio exterior.<\/p>\n<p><strong>Sard\u00e1 &amp; C\u00eda SC est\u00e1 integrada por profesionales en el \u00e1rea de Comercio Exterior, desarrolla su actividad manteniendo la caracter\u00edstica de brindar un servicio seguro a sus clientes basados en:<\/strong><\/p>\n<p>Profesionalidad, Seriedad, Honestidad, Eficiencia, Pensamiento basado en el riesgo, Seguridad operacional a nivel nacional, Seguridad en la cadena de suministro internacional.<\/p>\n<p><strong>Nuestro compromiso de crecimiento est\u00e1 basado en:<\/strong><\/p>\n<p>\u2022 Mejora continua de la calidad del servicio brindado a nuestros clientes.<br \/>\u2022 Mejora continua de la seguridad de las cadenas de suministro internacional en las que participamos.<\/p>\n<p>[\/et_pb_text][et_pb_image src=&#8221;http:\/\/www.sardaycia.com.uy\/home\/wp-content\/uploads\/2025\/02\/24545454545454-scaled.jpg&#8221; title_text=&#8221;24545454545454&#8243; _builder_version=&#8221;4.25.2&#8243; _module_preset=&#8221;default&#8221; border_radii=&#8221;on|20px|20px|20px|20px&#8221; box_shadow_style=&#8221;preset3&#8243; global_colors_info=&#8221;{}&#8221;][\/et_pb_image][\/et_pb_column][\/et_pb_row][\/et_pb_section]<\/p>\n","protected":false},"excerpt":{"rendered":"<p>Pol\u00edtica del Sistema Integrado de Gesti\u00f3n Seguridad\/CalidadNos comprometemos en: \u2022 El cumplimiento de los requisitos de nuestros clientes, de la Normativa Legal vigente y requisitos OEC.\u2022 En preservar la seguridad a nivel nacional e internacional, oponi\u00e9ndonos a cualquier acto o actividad il\u00edcita tales como narcotr\u00e1fico, contrabando, terrorismo, tr\u00e1fico de productos falsificados, tr\u00e1fico de armas, lavado [&hellip;]<\/p>\n","protected":false},"author":1,"featured_media":0,"parent":0,"menu_order":3,"comment_status":"closed","ping_status":"closed","template":"","meta":{"_et_pb_use_builder":"on","_et_pb_old_content":"","_et_gb_content_width":"","footnotes":""},"_links":{"self":[{"href":"http:\/\/www.sardaycia.com.uy\/home\/wp-json\/wp\/v2\/pages\/11"}],"collection":[{"href":"http:\/\/www.sardaycia.com.uy\/home\/wp-json\/wp\/v2\/pages"}],"about":[{"href":"http:\/\/www.sardaycia.com.uy\/home\/wp-json\/wp\/v2\/types\/page"}],"author":[{"embeddable":true,"href":"http:\/\/www.sardaycia.com.uy\/home\/wp-json\/wp\/v2\/users\/1"}],"replies":[{"embeddable":true,"href":"http:\/\/www.sardaycia.com.uy\/home\/wp-json\/wp\/v2\/comments?post=11"}],"version-history":[{"count":74,"href":"http:\/\/www.sardaycia.com.uy\/home\/wp-json\/wp\/v2\/pages\/11\/revisions"}],"predecessor-version":[{"id":743,"href":"http:\/\/www.sardaycia.com.uy\/home\/wp-json\/wp\/v2\/pages\/11\/revisions\/743"}],"wp:attachment":[{"href":"http:\/\/www.sardaycia.com.uy\/home\/wp-json\/wp\/v2\/media?parent=11"}],"curies":[{"name":"wp","href":"https:\/\/api.w.org\/{rel}","templated":true}]}}